{"id":2168,"date":"2024-03-04T07:34:19","date_gmt":"2024-03-04T07:34:19","guid":{"rendered":"https:\/\/www.iznajmimaskotu.rs\/?post_type=product&#038;p=2168"},"modified":"2024-03-26T20:09:43","modified_gmt":"2024-03-26T20:09:43","slug":"bez-zec-sa-ruzicastom-masnom","status":"publish","type":"product","link":"https:\/\/www.iznajmimaskotu.rs\/en\/proizvodi\/bez-zec-sa-ruzicastom-masnom\/","title":{"rendered":"Beige rabbit with pink bow"},"content":{"rendered":"","protected":false},"excerpt":{"rendered":"","protected":false},"featured_media":2709,"template":"","meta":[],"product_cat":[51,37],"product_tag":[],"class_list":{"0":"post-2168","1":"product","2":"type-product","3":"status-publish","4":"has-post-thumbnail","6":"product_cat-prodaja-maskota","7":"product_cat-zeke","8":"entry","9":"has-media","11":"first","12":"instock","13":"shipping-taxable","14":"product-type-simple"},"yoast_head":"<!-- This site is optimized with the Yoast SEO plugin v24.2 - https:\/\/yoast.com\/wordpress\/plugins\/seo\/ -->\n<title>Be\u017e zec sa ru\u017ei\u010dastom ma\u0161nom -<\/title>\n<meta name=\"robots\" content=\"index, follow, max-snippet:-1, max-image-preview:large, max-video-preview:-1\" \/>\n<link rel=\"canonical\" href=\"https:\/\/www.iznajmimaskotu.rs\/en\/proizvodi\/bez-zec-sa-ruzicastom-masnom\/\" \/>\n<meta property=\"og:locale\" content=\"en_US\" \/>\n<meta property=\"og:type\" content=\"article\" \/>\n<meta property=\"og:title\" content=\"Be\u017e zec sa ru\u017ei\u010dastom ma\u0161nom -\" \/>\n<meta property=\"og:url\" content=\"https:\/\/www.iznajmimaskotu.rs\/en\/proizvodi\/bez-zec-sa-ruzicastom-masnom\/\" \/>\n<meta property=\"article:publisher\" content=\"https:\/\/facebook.com\" \/>\n<meta property=\"article:modified_time\" content=\"2024-03-26T20:09:43+00:00\" \/>\n<meta property=\"og:image\" content=\"https:\/\/www.iznajmimaskotu.rs\/wp-content\/uploads\/2024\/03\/Bez-zec-sa-ljubicastom-masnom.png\" \/>\n\t<meta property=\"og:image:width\" content=\"915\" \/>\n\t<meta property=\"og:image:height\" content=\"932\" \/>\n\t<meta property=\"og:image:type\" content=\"image\/png\" \/>\n<meta name=\"twitter:card\" content=\"summary_large_image\" \/>\n<meta name=\"twitter:site\" content=\"@yoast\" \/>\n<meta name=\"twitter:label1\" content=\"Est. reading time\" \/>\n\t<meta name=\"twitter:data1\" content=\"1 minute\" \/>\n<script type=\"application\/ld+json\" class=\"yoast-schema-graph\">{\"@context\":\"https:\/\/schema.org\",\"@graph\":[{\"@type\":\"WebPage\",\"@id\":\"https:\/\/www.iznajmimaskotu.rs\/proizvodi\/bez-zec-sa-ruzicastom-masnom\/\",\"url\":\"https:\/\/www.iznajmimaskotu.rs\/proizvodi\/bez-zec-sa-ruzicastom-masnom\/\",\"name\":\"Be\u017e zec sa ru\u017ei\u010dastom ma\u0161nom -\",\"isPartOf\":{\"@id\":\"https:\/\/www.iznajmimaskotu.rs\/#website\"},\"primaryImageOfPage\":{\"@id\":\"https:\/\/www.iznajmimaskotu.rs\/proizvodi\/bez-zec-sa-ruzicastom-masnom\/#primaryimage\"},\"image\":{\"@id\":\"https:\/\/www.iznajmimaskotu.rs\/proizvodi\/bez-zec-sa-ruzicastom-masnom\/#primaryimage\"},\"thumbnailUrl\":\"https:\/\/www.iznajmimaskotu.rs\/wp-content\/uploads\/2024\/03\/Bez-zec-sa-ljubicastom-masnom.png\",\"datePublished\":\"2024-03-04T07:34:19+00:00\",\"dateModified\":\"2024-03-26T20:09:43+00:00\",\"breadcrumb\":{\"@id\":\"https:\/\/www.iznajmimaskotu.rs\/proizvodi\/bez-zec-sa-ruzicastom-masnom\/#breadcrumb\"},\"inLanguage\":\"en-US\",\"potentialAction\":[{\"@type\":\"ReadAction\",\"target\":[\"https:\/\/www.iznajmimaskotu.rs\/proizvodi\/bez-zec-sa-ruzicastom-masnom\/\"]}]},{\"@type\":\"ImageObject\",\"inLanguage\":\"en-US\",\"@id\":\"https:\/\/www.iznajmimaskotu.rs\/proizvodi\/bez-zec-sa-ruzicastom-masnom\/#primaryimage\",\"url\":\"https:\/\/www.iznajmimaskotu.rs\/wp-content\/uploads\/2024\/03\/Bez-zec-sa-ljubicastom-masnom.png\",\"contentUrl\":\"https:\/\/www.iznajmimaskotu.rs\/wp-content\/uploads\/2024\/03\/Bez-zec-sa-ljubicastom-masnom.png\",\"width\":915,\"height\":932},{\"@type\":\"BreadcrumbList\",\"@id\":\"https:\/\/www.iznajmimaskotu.rs\/proizvodi\/bez-zec-sa-ruzicastom-masnom\/#breadcrumb\",\"itemListElement\":[{\"@type\":\"ListItem\",\"position\":1,\"name\":\"Home\",\"item\":\"https:\/\/www.iznajmimaskotu.rs\/\"},{\"@type\":\"ListItem\",\"position\":2,\"name\":\"\u041f\u0440\u043e\u0438\u0437\u0432\u043e\u0434\u0438\",\"item\":\"https:\/\/www.iznajmimaskotu.rs\/shop\/\"},{\"@type\":\"ListItem\",\"position\":3,\"name\":\"Be\u017e zec sa ru\u017ei\u010dastom ma\u0161nom\"}]},{\"@type\":\"WebSite\",\"@id\":\"https:\/\/www.iznajmimaskotu.rs\/#website\",\"url\":\"https:\/\/www.iznajmimaskotu.rs\/\",\"name\":\"https:\/\/iznajmimaskotu.rs\",\"description\":\"\",\"publisher\":{\"@id\":\"https:\/\/www.iznajmimaskotu.rs\/#organization\"},\"potentialAction\":[{\"@type\":\"SearchAction\",\"target\":{\"@type\":\"EntryPoint\",\"urlTemplate\":\"https:\/\/www.iznajmimaskotu.rs\/?s={search_term_string}\"},\"query-input\":{\"@type\":\"PropertyValueSpecification\",\"valueRequired\":true,\"valueName\":\"search_term_string\"}}],\"inLanguage\":\"en-US\"},{\"@type\":\"Organization\",\"@id\":\"https:\/\/www.iznajmimaskotu.rs\/#organization\",\"name\":\"https:\/\/iznajmimaskotu.rs\",\"url\":\"https:\/\/www.iznajmimaskotu.rs\/\",\"logo\":{\"@type\":\"ImageObject\",\"inLanguage\":\"en-US\",\"@id\":\"https:\/\/www.iznajmimaskotu.rs\/#\/schema\/logo\/image\/\",\"url\":\"https:\/\/www.iznajmimaskotu.rs\/wp-content\/uploads\/2024\/02\/cropped-1_20230916_024153_0000-removebg-preview.png\",\"contentUrl\":\"https:\/\/www.iznajmimaskotu.rs\/wp-content\/uploads\/2024\/02\/cropped-1_20230916_024153_0000-removebg-preview.png\",\"width\":661,\"height\":218,\"caption\":\"https:\/\/iznajmimaskotu.rs\"},\"image\":{\"@id\":\"https:\/\/www.iznajmimaskotu.rs\/#\/schema\/logo\/image\/\"},\"sameAs\":[\"https:\/\/facebook.com\",\"https:\/\/x.com\/yoast\"]}]}<\/script>\n<!-- \/ Yoast SEO plugin. -->","yoast_head_json":{"title":"Be\u017e zec sa ru\u017ei\u010dastom ma\u0161nom -","robots":{"index":"index","follow":"follow","max-snippet":"max-snippet:-1","max-image-preview":"max-image-preview:large","max-video-preview":"max-video-preview:-1"},"canonical":"https:\/\/www.iznajmimaskotu.rs\/en\/proizvodi\/bez-zec-sa-ruzicastom-masnom\/","og_locale":"en_US","og_type":"article","og_title":"Be\u017e zec sa ru\u017ei\u010dastom ma\u0161nom -","og_url":"https:\/\/www.iznajmimaskotu.rs\/en\/proizvodi\/bez-zec-sa-ruzicastom-masnom\/","article_publisher":"https:\/\/facebook.com","article_modified_time":"2024-03-26T20:09:43+00:00","og_image":[{"width":915,"height":932,"url":"https:\/\/www.iznajmimaskotu.rs\/wp-content\/uploads\/2024\/03\/Bez-zec-sa-ljubicastom-masnom.png","type":"image\/png"}],"twitter_card":"summary_large_image","twitter_site":"@yoast","twitter_misc":{"Est. reading time":"1 minute"},"schema":{"@context":"https:\/\/schema.org","@graph":[{"@type":"WebPage","@id":"https:\/\/www.iznajmimaskotu.rs\/proizvodi\/bez-zec-sa-ruzicastom-masnom\/","url":"https:\/\/www.iznajmimaskotu.rs\/proizvodi\/bez-zec-sa-ruzicastom-masnom\/","name":"Be\u017e zec sa ru\u017ei\u010dastom ma\u0161nom -","isPartOf":{"@id":"https:\/\/www.iznajmimaskotu.rs\/#website"},"primaryImageOfPage":{"@id":"https:\/\/www.iznajmimaskotu.rs\/proizvodi\/bez-zec-sa-ruzicastom-masnom\/#primaryimage"},"image":{"@id":"https:\/\/www.iznajmimaskotu.rs\/proizvodi\/bez-zec-sa-ruzicastom-masnom\/#primaryimage"},"thumbnailUrl":"https:\/\/www.iznajmimaskotu.rs\/wp-content\/uploads\/2024\/03\/Bez-zec-sa-ljubicastom-masnom.png","datePublished":"2024-03-04T07:34:19+00:00","dateModified":"2024-03-26T20:09:43+00:00","breadcrumb":{"@id":"https:\/\/www.iznajmimaskotu.rs\/proizvodi\/bez-zec-sa-ruzicastom-masnom\/#breadcrumb"},"inLanguage":"en-US","potentialAction":[{"@type":"ReadAction","target":["https:\/\/www.iznajmimaskotu.rs\/proizvodi\/bez-zec-sa-ruzicastom-masnom\/"]}]},{"@type":"ImageObject","inLanguage":"en-US","@id":"https:\/\/www.iznajmimaskotu.rs\/proizvodi\/bez-zec-sa-ruzicastom-masnom\/#primaryimage","url":"https:\/\/www.iznajmimaskotu.rs\/wp-content\/uploads\/2024\/03\/Bez-zec-sa-ljubicastom-masnom.png","contentUrl":"https:\/\/www.iznajmimaskotu.rs\/wp-content\/uploads\/2024\/03\/Bez-zec-sa-ljubicastom-masnom.png","width":915,"height":932},{"@type":"BreadcrumbList","@id":"https:\/\/www.iznajmimaskotu.rs\/proizvodi\/bez-zec-sa-ruzicastom-masnom\/#breadcrumb","itemListElement":[{"@type":"ListItem","position":1,"name":"Home","item":"https:\/\/www.iznajmimaskotu.rs\/"},{"@type":"ListItem","position":2,"name":"\u041f\u0440\u043e\u0438\u0437\u0432\u043e\u0434\u0438","item":"https:\/\/www.iznajmimaskotu.rs\/shop\/"},{"@type":"ListItem","position":3,"name":"Be\u017e zec sa ru\u017ei\u010dastom ma\u0161nom"}]},{"@type":"WebSite","@id":"https:\/\/www.iznajmimaskotu.rs\/#website","url":"https:\/\/www.iznajmimaskotu.rs\/","name":"https:\/\/iznajmimaskotu.rs","description":"","publisher":{"@id":"https:\/\/www.iznajmimaskotu.rs\/#organization"},"potentialAction":[{"@type":"SearchAction","target":{"@type":"EntryPoint","urlTemplate":"https:\/\/www.iznajmimaskotu.rs\/?s={search_term_string}"},"query-input":{"@type":"PropertyValueSpecification","valueRequired":true,"valueName":"search_term_string"}}],"inLanguage":"en-US"},{"@type":"Organization","@id":"https:\/\/www.iznajmimaskotu.rs\/#organization","name":"https:\/\/iznajmimaskotu.rs","url":"https:\/\/www.iznajmimaskotu.rs\/","logo":{"@type":"ImageObject","inLanguage":"en-US","@id":"https:\/\/www.iznajmimaskotu.rs\/#\/schema\/logo\/image\/","url":"https:\/\/www.iznajmimaskotu.rs\/wp-content\/uploads\/2024\/02\/cropped-1_20230916_024153_0000-removebg-preview.png","contentUrl":"https:\/\/www.iznajmimaskotu.rs\/wp-content\/uploads\/2024\/02\/cropped-1_20230916_024153_0000-removebg-preview.png","width":661,"height":218,"caption":"https:\/\/iznajmimaskotu.rs"},"image":{"@id":"https:\/\/www.iznajmimaskotu.rs\/#\/schema\/logo\/image\/"},"sameAs":["https:\/\/facebook.com","https:\/\/x.com\/yoast"]}]}},"_links":{"self":[{"href":"https:\/\/www.iznajmimaskotu.rs\/en\/wp-json\/wp\/v2\/product\/2168","targetHints":{"allow":["GET"]}}],"collection":[{"href":"https:\/\/www.iznajmimaskotu.rs\/en\/wp-json\/wp\/v2\/product"}],"about":[{"href":"https:\/\/www.iznajmimaskotu.rs\/en\/wp-json\/wp\/v2\/types\/product"}],"wp:featuredmedia":[{"embeddable":true,"href":"https:\/\/www.iznajmimaskotu.rs\/en\/wp-json\/wp\/v2\/media\/2709"}],"wp:attachment":[{"href":"https:\/\/www.iznajmimaskotu.rs\/en\/wp-json\/wp\/v2\/media?parent=2168"}],"wp:term":[{"taxonomy":"product_cat","embeddable":true,"href":"https:\/\/www.iznajmimaskotu.rs\/en\/wp-json\/wp\/v2\/product_cat?post=2168"},{"taxonomy":"product_tag","embeddable":true,"href":"https:\/\/www.iznajmimaskotu.rs\/en\/wp-json\/wp\/v2\/product_tag?post=2168"}],"curies":[{"name":"wp","href":"https:\/\/api.w.org\/{rel}","templated":true}]}}